{"id":73,"date":"2023-12-08T17:55:12","date_gmt":"2023-12-08T16:55:12","guid":{"rendered":"http:\/\/212.235.181.133\/direkt.org\/?page_id=73"},"modified":"2024-08-19T18:29:20","modified_gmt":"2024-08-19T17:29:20","slug":"tubitak","status":"publish","type":"page","link":"https:\/\/www.direk-t.org\/?page_id=73","title":{"rendered":"TUBITAK"},"content":{"rendered":"\n<p>T\u00dcB\u0130TAK National Metrology Institute (T\u00dcB\u0130TAK UME) is a research and development institute, and is responsible for the establishment, maintenance, dissemination and international equivalence of national measurement standards. The contact temperature Laboratory has extensive experience in temperature measurements such as the primary realisation of ITS-90&nbsp; in contact temperature field between -189.3442 \u00b0C and&nbsp; 961.78 \u00b0C. TUBITAK UME&nbsp; Temperature Laboratory has been involved in many projects related to scientific metrology under EMRP or EMPIR. The Temperature Laboratory and the Acoustics Laboratory of TUBITAK initiated an internal project for the establishment of Acoustic Gas Thermometry based on a quasi-spherical acoustic resonator and a high stability and uniformity thermostatic system operating in the temperature range between 234 K and 323 K.<\/p>\n\n\n\n<figure class=\"wp-block-image size-large is-resized\"><a href=\"https:\/\/www.tubitak.gov.tr\/en\" target=\"_blank\" rel=\"noreferrer noopener\"><img decoding=\"async\" src=\"https:\/\/www.direk-t.org\/wp-content\/uploads\/2023\/12\/tubitak_logo.png\" alt=\"\" style=\"aspect-ratio:1;width:113px;height:auto\"\/><\/a><\/figure>\n","protected":false},"excerpt":{"rendered":"<div class=\"entry-summary\">\nT\u00dcB\u0130TAK National Metrology Institute (T\u00dcB\u0130TAK UME) is a research and development institute, and is responsible for the establishment, maintenance, dissemination and international equivalence of national measurement standards. The contact temperature Laboratory has extensive experience in temperature measurements such as the primary realisation of ITS-90&nbsp; in contact temperature field between -189.3442 \u00b0C and&nbsp; 961.78 \u00b0C. TUBITAK&hellip;\n<\/div>\n<div class=\"link-more\"><a href=\"https:\/\/www.direk-t.org\/?page_id=73\" class=\"more-link\">Continue reading<span class=\"screen-reader-text\"> &ldquo;TUBITAK&rdquo;<\/span>&hellip;<\/a><\/div>\n","protected":false},"author":1,"featured_media":0,"parent":0,"menu_order":0,"comment_status":"closed","ping_status":"closed","template":"","meta":{"_acf_changed":false,"footnotes":""},"class_list":["post-73","page","type-page","status-publish","hentry","entry"],"acf":[],"_links":{"self":[{"href":"https:\/\/www.direk-t.org\/index.php?rest_route=\/wp\/v2\/pages\/73","targetHints":{"allow":["GET"]}}],"collection":[{"href":"https:\/\/www.direk-t.org\/index.php?rest_route=\/wp\/v2\/pages"}],"about":[{"href":"https:\/\/www.direk-t.org\/index.php?rest_route=\/wp\/v2\/types\/page"}],"author":[{"embeddable":true,"href":"https:\/\/www.direk-t.org\/index.php?rest_route=\/wp\/v2\/users\/1"}],"replies":[{"embeddable":true,"href":"https:\/\/www.direk-t.org\/index.php?rest_route=%2Fwp%2Fv2%2Fcomments&post=73"}],"version-history":[{"count":2,"href":"https:\/\/www.direk-t.org\/index.php?rest_route=\/wp\/v2\/pages\/73\/revisions"}],"predecessor-version":[{"id":169,"href":"https:\/\/www.direk-t.org\/index.php?rest_route=\/wp\/v2\/pages\/73\/revisions\/169"}],"wp:attachment":[{"href":"https:\/\/www.direk-t.org\/index.php?rest_route=%2Fwp%2Fv2%2Fmedia&parent=73"}],"curies":[{"name":"wp","href":"https:\/\/api.w.org\/{rel}","templated":true}]}}